{"id":11862,"date":"2020-12-11T18:55:36","date_gmt":"2020-12-11T17:55:36","guid":{"rendered":"https:\/\/banatskioglasi.rs\/wp1\/?page_id=11862"},"modified":"2022-04-30T12:22:27","modified_gmt":"2022-04-30T10:22:27","slug":"mali-oglasi","status":"publish","type":"page","link":"https:\/\/banatskioglasi.rs\/wp1\/","title":{"rendered":"Mali oglasi | Kikinda | Zrenjanin | Pan\u010devo | Vr\u0161ac"},"content":{"rendered":"\n<p>Mi sebe vidimo kao mesto koje ispunjava potrebe onih koji kupuju i prodaju i raduje nas \u010dinjenica da smo najpopularniji <strong>mali oglasi<\/strong> u Banatu koji svakodnevno spaja kupce i prodacve.<\/p>\n\n\n\n<!--google adsence-->\n<script async=\"\" src=\"https:\/\/pagead2.googlesyndication.com\/pagead\/js\/adsbygoogle.js\"><\/script>\n<!-- Banatski oglasi -->\n<ins class=\"adsbygoogle\" style=\"display:block\" data-ad-client=\"ca-pub-9818509101555525\" data-ad-slot=\"7747799757\" data-ad-format=\"auto\" data-full-width-responsive=\"true\"><\/ins>\n<script>\n     (adsbygoogle = window.adsbygoogle || []).push({});\n<\/script>\n<!--end google adsence -->\n<br><br><br><br><br><br><br>\n\n\n\n<p><\/p>\n\n\n\n<p>\u017delja nam je da vam<strong> <\/strong>na\u0161i <strong>mali oglasi<\/strong> budu omiljeno mesto za ogla\u0161avanje.<\/p>\n","protected":false},"excerpt":{"rendered":"<p>Mi sebe vidimo kao mesto koje ispunjava potrebe onih koji kupuju i prodaju i raduje nas \u010dinjenica da smo najpopularniji mali oglasi u Banatu koji svakodnevno spaja kupce i prodacve. \u017delja nam je da vam na\u0161i mali oglasi budu omiljeno mesto za ogla\u0161avanje.<\/p>\n","protected":false},"author":1,"featured_media":0,"parent":0,"menu_order":0,"comment_status":"closed","ping_status":"closed","template":"","meta":{"footnotes":""},"class_list":["post-11862","page","type-page","status-publish","hentry"],"yoast_head":"<!-- This site is optimized with the Yoast SEO plugin v27.4 - https:\/\/yoast.com\/product\/yoast-seo-wordpress\/ -->\n<title>Mali oglasi | Kikinda | Zrenjanin | Pan\u010devo | Vr\u0161ac - Banatski oglasi<\/title>\n<meta name=\"description\" content=\"Mali oglasi Kikinda Zrenjanin Pancevo Vr\u0161ac.Dodaj svoj oglas brzo jednostavno i besplatno.Nekretnine automobili poljoprivreda ma imamo sve\" \/>\n<meta name=\"robots\" content=\"index, follow, max-snippet:-1, max-image-preview:large, max-video-preview:-1\" \/>\n<link rel=\"canonical\" href=\"https:\/\/banatskioglasi.rs\/wp1\/\" \/>\n<meta property=\"og:locale\" content=\"sr_RS\" \/>\n<meta property=\"og:type\" content=\"article\" \/>\n<meta property=\"og:title\" content=\"Mali oglasi | Kikinda | Zrenjanin | Pan\u010devo | Vr\u0161ac - Banatski oglasi\" \/>\n<meta property=\"og:description\" content=\"Mali oglasi Kikinda Zrenjanin Pancevo Vr\u0161ac.Dodaj svoj oglas brzo jednostavno i besplatno.Nekretnine automobili poljoprivreda ma imamo sve\" \/>\n<meta property=\"og:url\" content=\"https:\/\/banatskioglasi.rs\/wp1\/\" \/>\n<meta property=\"og:site_name\" content=\"Banatski oglasi\" \/>\n<meta property=\"article:publisher\" content=\"https:\/\/www.facebook.com\/banatski.mali.oglasi\/\" \/>\n<meta property=\"article:modified_time\" content=\"2022-04-30T10:22:27+00:00\" \/>\n<meta property=\"og:image\" content=\"https:\/\/banatskioglasi.rs\/wp1\/wp-content\/uploads\/2018\/01\/logo.jpg\" \/>\n\t<meta property=\"og:image:width\" content=\"960\" \/>\n\t<meta property=\"og:image:height\" content=\"908\" \/>\n\t<meta property=\"og:image:type\" content=\"image\/jpeg\" \/>\n<meta name=\"twitter:card\" content=\"summary_large_image\" \/>\n<meta name=\"twitter:site\" content=\"@MaliOglasiBanat\" \/>\n<meta name=\"twitter:label1\" content=\"\u041f\u0440\u043e\u0446\u0435\u045a\u0435\u043d\u043e \u0432\u0440\u0435\u043c\u0435 \u0447\u0438\u0442\u0430\u045a\u0430\" \/>\n\t<meta name=\"twitter:data1\" content=\"1 \u043c\u0438\u043d\u0443\u0442\" \/>\n<script type=\"application\/ld+json\" class=\"yoast-schema-graph\">{\"@context\":\"https:\\\/\\\/schema.org\",\"@graph\":[{\"@type\":\"AdvertiserContentArticle\",\"@id\":\"https:\\\/\\\/banatskioglasi.rs\\\/wp1\\\/#article\",\"isPartOf\":{\"@id\":\"https:\\\/\\\/banatskioglasi.rs\\\/wp1\\\/\"},\"author\":{\"name\":\"Aleksandar1980\",\"@id\":\"https:\\\/\\\/banatskioglasi.rs\\\/wp1\\\/#\\\/schema\\\/person\\\/977e91570ee6006e1c28600f52599c84\"},\"headline\":\"Mali oglasi | Kikinda | Zrenjanin | Pan\u010devo | Vr\u0161ac\",\"datePublished\":\"2020-12-11T17:55:36+00:00\",\"dateModified\":\"2022-04-30T10:22:27+00:00\",\"mainEntityOfPage\":{\"@id\":\"https:\\\/\\\/banatskioglasi.rs\\\/wp1\\\/\"},\"wordCount\":53,\"publisher\":{\"@id\":\"https:\\\/\\\/banatskioglasi.rs\\\/wp1\\\/#organization\"},\"inLanguage\":\"sr-RS\"},{\"@type\":\"WebPage\",\"@id\":\"https:\\\/\\\/banatskioglasi.rs\\\/wp1\\\/\",\"url\":\"https:\\\/\\\/banatskioglasi.rs\\\/wp1\\\/\",\"name\":\"Mali oglasi | Kikinda | Zrenjanin | Pan\u010devo | Vr\u0161ac - Banatski oglasi\",\"isPartOf\":{\"@id\":\"https:\\\/\\\/banatskioglasi.rs\\\/wp1\\\/#website\"},\"datePublished\":\"2020-12-11T17:55:36+00:00\",\"dateModified\":\"2022-04-30T10:22:27+00:00\",\"description\":\"Mali oglasi Kikinda Zrenjanin Pancevo Vr\u0161ac.Dodaj svoj oglas brzo jednostavno i besplatno.Nekretnine automobili poljoprivreda ma imamo sve\",\"breadcrumb\":{\"@id\":\"https:\\\/\\\/banatskioglasi.rs\\\/wp1\\\/#breadcrumb\"},\"inLanguage\":\"sr-RS\",\"potentialAction\":[{\"@type\":\"ReadAction\",\"target\":[\"https:\\\/\\\/banatskioglasi.rs\\\/wp1\\\/\"]}]},{\"@type\":\"BreadcrumbList\",\"@id\":\"https:\\\/\\\/banatskioglasi.rs\\\/wp1\\\/#breadcrumb\",\"itemListElement\":[{\"@type\":\"ListItem\",\"position\":1,\"name\":\"Home\",\"item\":\"https:\\\/\\\/banatskioglasi.rs\\\/wp1\\\/\"},{\"@type\":\"ListItem\",\"position\":2,\"name\":\"Mali oglasi | Kikinda | Zrenjanin | Pan\u010devo | Vr\u0161ac\"}]},{\"@type\":\"WebSite\",\"@id\":\"https:\\\/\\\/banatskioglasi.rs\\\/wp1\\\/#website\",\"url\":\"https:\\\/\\\/banatskioglasi.rs\\\/wp1\\\/\",\"name\":\"banatskioglasi.rs\",\"description\":\"Kikinda,Zrenjanin,Pan\u010devo,Vr\u0161ac | Mali oglasi\",\"publisher\":{\"@id\":\"https:\\\/\\\/banatskioglasi.rs\\\/wp1\\\/#organization\"},\"potentialAction\":[{\"@type\":\"SearchAction\",\"target\":{\"@type\":\"EntryPoint\",\"urlTemplate\":\"https:\\\/\\\/banatskioglasi.rs\\\/wp1\\\/?s={search_term_string}\"},\"query-input\":{\"@type\":\"PropertyValueSpecification\",\"valueRequired\":true,\"valueName\":\"search_term_string\"}}],\"inLanguage\":\"sr-RS\"},{\"@type\":\"Organization\",\"@id\":\"https:\\\/\\\/banatskioglasi.rs\\\/wp1\\\/#organization\",\"name\":\"Banatski oglasi\",\"url\":\"https:\\\/\\\/banatskioglasi.rs\\\/wp1\\\/\",\"logo\":{\"@type\":\"ImageObject\",\"inLanguage\":\"sr-RS\",\"@id\":\"https:\\\/\\\/banatskioglasi.rs\\\/wp1\\\/#\\\/schema\\\/logo\\\/image\\\/\",\"url\":\"https:\\\/\\\/banatskioglasi.rs\\\/wp1\\\/wp-content\\\/uploads\\\/2018\\\/01\\\/cropped-logo-4.jpg\",\"contentUrl\":\"https:\\\/\\\/banatskioglasi.rs\\\/wp1\\\/wp-content\\\/uploads\\\/2018\\\/01\\\/cropped-logo-4.jpg\",\"width\":512,\"height\":512,\"caption\":\"Banatski oglasi\"},\"image\":{\"@id\":\"https:\\\/\\\/banatskioglasi.rs\\\/wp1\\\/#\\\/schema\\\/logo\\\/image\\\/\"},\"sameAs\":[\"https:\\\/\\\/www.facebook.com\\\/banatski.mali.oglasi\\\/\",\"https:\\\/\\\/x.com\\\/MaliOglasiBanat\",\"https:\\\/\\\/www.youtube.com\\\/watch?v=pKb3jjo32mc\",\"https:\\\/\\\/www.instagram.com\\\/banatskioglasi\\\/\"]},{\"@type\":\"Person\",\"@id\":\"https:\\\/\\\/banatskioglasi.rs\\\/wp1\\\/#\\\/schema\\\/person\\\/977e91570ee6006e1c28600f52599c84\",\"name\":\"Aleksandar1980\",\"image\":{\"@type\":\"ImageObject\",\"inLanguage\":\"sr-RS\",\"@id\":\"https:\\\/\\\/secure.gravatar.com\\\/avatar\\\/4a1cfd4787c29d313b5209af7184a766d95d6c360e30983b3950ee31d8a4ffac?s=96&d=mm&r=g\",\"url\":\"https:\\\/\\\/secure.gravatar.com\\\/avatar\\\/4a1cfd4787c29d313b5209af7184a766d95d6c360e30983b3950ee31d8a4ffac?s=96&d=mm&r=g\",\"contentUrl\":\"https:\\\/\\\/secure.gravatar.com\\\/avatar\\\/4a1cfd4787c29d313b5209af7184a766d95d6c360e30983b3950ee31d8a4ffac?s=96&d=mm&r=g\",\"caption\":\"Aleksandar1980\"},\"url\":\"https:\\\/\\\/banatskioglasi.rs\\\/wp1\\\/blog\\\/author\\\/aleksandar1980\\\/\"}]}<\/script>\n<!-- \/ Yoast SEO plugin. -->","yoast_head_json":{"title":"Mali oglasi | Kikinda | Zrenjanin | Pan\u010devo | Vr\u0161ac - Banatski oglasi","description":"Mali oglasi Kikinda Zrenjanin Pancevo Vr\u0161ac.Dodaj svoj oglas brzo jednostavno i besplatno.Nekretnine automobili poljoprivreda ma imamo sve","robots":{"index":"index","follow":"follow","max-snippet":"max-snippet:-1","max-image-preview":"max-image-preview:large","max-video-preview":"max-video-preview:-1"},"canonical":"https:\/\/banatskioglasi.rs\/wp1\/","og_locale":"sr_RS","og_type":"article","og_title":"Mali oglasi | Kikinda | Zrenjanin | Pan\u010devo | Vr\u0161ac - Banatski oglasi","og_description":"Mali oglasi Kikinda Zrenjanin Pancevo Vr\u0161ac.Dodaj svoj oglas brzo jednostavno i besplatno.Nekretnine automobili poljoprivreda ma imamo sve","og_url":"https:\/\/banatskioglasi.rs\/wp1\/","og_site_name":"Banatski oglasi","article_publisher":"https:\/\/www.facebook.com\/banatski.mali.oglasi\/","article_modified_time":"2022-04-30T10:22:27+00:00","og_image":[{"width":960,"height":908,"url":"https:\/\/banatskioglasi.rs\/wp1\/wp-content\/uploads\/2018\/01\/logo.jpg","type":"image\/jpeg"}],"twitter_card":"summary_large_image","twitter_site":"@MaliOglasiBanat","twitter_misc":{"\u041f\u0440\u043e\u0446\u0435\u045a\u0435\u043d\u043e \u0432\u0440\u0435\u043c\u0435 \u0447\u0438\u0442\u0430\u045a\u0430":"1 \u043c\u0438\u043d\u0443\u0442"},"schema":{"@context":"https:\/\/schema.org","@graph":[{"@type":"AdvertiserContentArticle","@id":"https:\/\/banatskioglasi.rs\/wp1\/#article","isPartOf":{"@id":"https:\/\/banatskioglasi.rs\/wp1\/"},"author":{"name":"Aleksandar1980","@id":"https:\/\/banatskioglasi.rs\/wp1\/#\/schema\/person\/977e91570ee6006e1c28600f52599c84"},"headline":"Mali oglasi | Kikinda | Zrenjanin | Pan\u010devo | Vr\u0161ac","datePublished":"2020-12-11T17:55:36+00:00","dateModified":"2022-04-30T10:22:27+00:00","mainEntityOfPage":{"@id":"https:\/\/banatskioglasi.rs\/wp1\/"},"wordCount":53,"publisher":{"@id":"https:\/\/banatskioglasi.rs\/wp1\/#organization"},"inLanguage":"sr-RS"},{"@type":"WebPage","@id":"https:\/\/banatskioglasi.rs\/wp1\/","url":"https:\/\/banatskioglasi.rs\/wp1\/","name":"Mali oglasi | Kikinda | Zrenjanin | Pan\u010devo | Vr\u0161ac - Banatski oglasi","isPartOf":{"@id":"https:\/\/banatskioglasi.rs\/wp1\/#website"},"datePublished":"2020-12-11T17:55:36+00:00","dateModified":"2022-04-30T10:22:27+00:00","description":"Mali oglasi Kikinda Zrenjanin Pancevo Vr\u0161ac.Dodaj svoj oglas brzo jednostavno i besplatno.Nekretnine automobili poljoprivreda ma imamo sve","breadcrumb":{"@id":"https:\/\/banatskioglasi.rs\/wp1\/#breadcrumb"},"inLanguage":"sr-RS","potentialAction":[{"@type":"ReadAction","target":["https:\/\/banatskioglasi.rs\/wp1\/"]}]},{"@type":"BreadcrumbList","@id":"https:\/\/banatskioglasi.rs\/wp1\/#breadcrumb","itemListElement":[{"@type":"ListItem","position":1,"name":"Home","item":"https:\/\/banatskioglasi.rs\/wp1\/"},{"@type":"ListItem","position":2,"name":"Mali oglasi | Kikinda | Zrenjanin | Pan\u010devo | Vr\u0161ac"}]},{"@type":"WebSite","@id":"https:\/\/banatskioglasi.rs\/wp1\/#website","url":"https:\/\/banatskioglasi.rs\/wp1\/","name":"banatskioglasi.rs","description":"Kikinda,Zrenjanin,Pan\u010devo,Vr\u0161ac | Mali oglasi","publisher":{"@id":"https:\/\/banatskioglasi.rs\/wp1\/#organization"},"potentialAction":[{"@type":"SearchAction","target":{"@type":"EntryPoint","urlTemplate":"https:\/\/banatskioglasi.rs\/wp1\/?s={search_term_string}"},"query-input":{"@type":"PropertyValueSpecification","valueRequired":true,"valueName":"search_term_string"}}],"inLanguage":"sr-RS"},{"@type":"Organization","@id":"https:\/\/banatskioglasi.rs\/wp1\/#organization","name":"Banatski oglasi","url":"https:\/\/banatskioglasi.rs\/wp1\/","logo":{"@type":"ImageObject","inLanguage":"sr-RS","@id":"https:\/\/banatskioglasi.rs\/wp1\/#\/schema\/logo\/image\/","url":"https:\/\/banatskioglasi.rs\/wp1\/wp-content\/uploads\/2018\/01\/cropped-logo-4.jpg","contentUrl":"https:\/\/banatskioglasi.rs\/wp1\/wp-content\/uploads\/2018\/01\/cropped-logo-4.jpg","width":512,"height":512,"caption":"Banatski oglasi"},"image":{"@id":"https:\/\/banatskioglasi.rs\/wp1\/#\/schema\/logo\/image\/"},"sameAs":["https:\/\/www.facebook.com\/banatski.mali.oglasi\/","https:\/\/x.com\/MaliOglasiBanat","https:\/\/www.youtube.com\/watch?v=pKb3jjo32mc","https:\/\/www.instagram.com\/banatskioglasi\/"]},{"@type":"Person","@id":"https:\/\/banatskioglasi.rs\/wp1\/#\/schema\/person\/977e91570ee6006e1c28600f52599c84","name":"Aleksandar1980","image":{"@type":"ImageObject","inLanguage":"sr-RS","@id":"https:\/\/secure.gravatar.com\/avatar\/4a1cfd4787c29d313b5209af7184a766d95d6c360e30983b3950ee31d8a4ffac?s=96&d=mm&r=g","url":"https:\/\/secure.gravatar.com\/avatar\/4a1cfd4787c29d313b5209af7184a766d95d6c360e30983b3950ee31d8a4ffac?s=96&d=mm&r=g","contentUrl":"https:\/\/secure.gravatar.com\/avatar\/4a1cfd4787c29d313b5209af7184a766d95d6c360e30983b3950ee31d8a4ffac?s=96&d=mm&r=g","caption":"Aleksandar1980"},"url":"https:\/\/banatskioglasi.rs\/wp1\/blog\/author\/aleksandar1980\/"}]}},"_links":{"self":[{"href":"https:\/\/banatskioglasi.rs\/wp1\/wp-json\/wp\/v2\/pages\/11862","targetHints":{"allow":["GET"]}}],"collection":[{"href":"https:\/\/banatskioglasi.rs\/wp1\/wp-json\/wp\/v2\/pages"}],"about":[{"href":"https:\/\/banatskioglasi.rs\/wp1\/wp-json\/wp\/v2\/types\/page"}],"author":[{"embeddable":true,"href":"https:\/\/banatskioglasi.rs\/wp1\/wp-json\/wp\/v2\/users\/1"}],"replies":[{"embeddable":true,"href":"https:\/\/banatskioglasi.rs\/wp1\/wp-json\/wp\/v2\/comments?post=11862"}],"version-history":[{"count":7,"href":"https:\/\/banatskioglasi.rs\/wp1\/wp-json\/wp\/v2\/pages\/11862\/revisions"}],"predecessor-version":[{"id":52292,"href":"https:\/\/banatskioglasi.rs\/wp1\/wp-json\/wp\/v2\/pages\/11862\/revisions\/52292"}],"wp:attachment":[{"href":"https:\/\/banatskioglasi.rs\/wp1\/wp-json\/wp\/v2\/media?parent=11862"}],"curies":[{"name":"wp","href":"https:\/\/api.w.org\/{rel}","templated":true}]}}