{"id":30874,"date":"2021-04-08T22:08:55","date_gmt":"2021-04-08T20:08:55","guid":{"rendered":"https:\/\/banatskioglasi.rs\/wp1\/?page_id=30874"},"modified":"2025-05-26T12:48:43","modified_gmt":"2025-05-26T10:48:43","slug":"blog","status":"publish","type":"page","link":"https:\/\/banatskioglasi.rs\/wp1\/blog\/","title":{"rendered":"Blog"},"content":{"rendered":"\n<p>1)<a href=\"https:\/\/banatskioglasi.rs\/wp1\/kako-napraviti-oglas-koji-privlaci-kupce\/\">Kako napraviti oglas koji privla\u010di kupce?<\/a><\/p>\n\n\n\n<p>2)<a href=\"https:\/\/banatskioglasi.rs\/wp1\/prevare-preko-interneta\/\">Prevare preko interneta<\/a><\/p>\n\n\n\n<p>3)<a href=\"https:\/\/banatskioglasi.rs\/wp1\/saveti-pri-kupovini-polovnog-automobila\/\">Saveti pri kupovini polovnog automobila<\/a><\/p>\n\n\n\n<p>4)<a href=\"https:\/\/banatskioglasi.rs\/wp1\/koji-je-kucni-ljubimac-za-mene\/\">Koji je ku\u0107ni ljubimac za mene?<\/a><\/p>\n\n\n\n<p>5)<a href=\"https:\/\/banatskioglasi.rs\/wp1\/saveti-pri-kreiranju-sponzorisanog-oglasa\/\">Saveti pri kreiranju sponzorisanog oglasa<\/a><\/p>\n\n\n\n<p>6)<a href=\"https:\/\/banatskioglasi.rs\/wp1\/uticaj-influensera-na-prodaju\/\">Uticaj influensera na prodaju<\/a><\/p>\n\n\n\n<p>7)<a href=\"https:\/\/banatskioglasi.rs\/wp1\/saveti-za-kupovinu-stana-korak-ka-vasem-novom-domu\/\">Saveti za kupovinu stana &#8211; Korak ka va\u0161em novom domu<\/a><\/p>\n\n\n\n<p>8)<a href=\"https:\/\/banatskioglasi.rs\/wp1\/lazni-oglasi-za-posao\/\">La\u017eni oglasi za posao<\/a><\/p>\n","protected":false},"excerpt":{"rendered":"<p>1)Kako napraviti oglas koji privla\u010di kupce? 2)Prevare preko interneta 3)Saveti pri kupovini polovnog automobila 4)Koji je ku\u0107ni ljubimac za mene? 5)Saveti pri kreiranju sponzorisanog oglasa 6)Uticaj influensera na prodaju 7)Saveti za kupovinu stana &#8211; Korak ka va\u0161em novom domu 8)La\u017eni oglasi za posao<\/p>\n","protected":false},"author":1,"featured_media":0,"parent":0,"menu_order":0,"comment_status":"closed","ping_status":"closed","template":"","meta":{"footnotes":""},"class_list":["post-30874","page","type-page","status-publish","hentry"],"yoast_head":"<!-- This site is optimized with the Yoast SEO plugin v27.4 - https:\/\/yoast.com\/product\/yoast-seo-wordpress\/ -->\n<title>Blog - Banatski oglasi<\/title>\n<meta name=\"description\" content=\"Kako napraviti oglas koji privla\u010di kupce,Prevaare preko interneta i jo\u0161 mnogo drugih tema pro\u010ditajte na na\u0161em blogu\" \/>\n<meta name=\"robots\" content=\"index, follow, max-snippet:-1, max-image-preview:large, max-video-preview:-1\" \/>\n<link rel=\"canonical\" href=\"https:\/\/banatskioglasi.rs\/wp1\/blog\/\" \/>\n<meta property=\"og:locale\" content=\"sr_RS\" \/>\n<meta property=\"og:type\" content=\"article\" \/>\n<meta property=\"og:title\" content=\"Blog - Banatski oglasi\" \/>\n<meta property=\"og:description\" content=\"Kako napraviti oglas koji privla\u010di kupce,Prevaare preko interneta i jo\u0161 mnogo drugih tema pro\u010ditajte na na\u0161em blogu\" \/>\n<meta property=\"og:url\" content=\"https:\/\/banatskioglasi.rs\/wp1\/blog\/\" \/>\n<meta property=\"og:site_name\" content=\"Banatski oglasi\" \/>\n<meta property=\"article:publisher\" content=\"https:\/\/www.facebook.com\/banatski.mali.oglasi\/\" \/>\n<meta property=\"article:modified_time\" content=\"2025-05-26T10:48:43+00:00\" \/>\n<meta property=\"og:image\" content=\"https:\/\/banatskioglasi.rs\/wp1\/wp-content\/uploads\/2018\/01\/logo.jpg\" \/>\n\t<meta property=\"og:image:width\" content=\"960\" \/>\n\t<meta property=\"og:image:height\" content=\"908\" \/>\n\t<meta property=\"og:image:type\" content=\"image\/jpeg\" \/>\n<meta name=\"twitter:card\" content=\"summary_large_image\" \/>\n<meta name=\"twitter:site\" content=\"@MaliOglasiBanat\" \/>\n<meta name=\"twitter:label1\" content=\"\u041f\u0440\u043e\u0446\u0435\u045a\u0435\u043d\u043e \u0432\u0440\u0435\u043c\u0435 \u0447\u0438\u0442\u0430\u045a\u0430\" \/>\n\t<meta name=\"twitter:data1\" content=\"1 \u043c\u0438\u043d\u0443\u0442\" \/>\n<script type=\"application\/ld+json\" class=\"yoast-schema-graph\">{\"@context\":\"https:\\\/\\\/schema.org\",\"@graph\":[{\"@type\":\"AdvertiserContentArticle\",\"@id\":\"https:\\\/\\\/banatskioglasi.rs\\\/wp1\\\/blog\\\/#article\",\"isPartOf\":{\"@id\":\"https:\\\/\\\/banatskioglasi.rs\\\/wp1\\\/blog\\\/\"},\"author\":{\"name\":\"Aleksandar1980\",\"@id\":\"https:\\\/\\\/banatskioglasi.rs\\\/wp1\\\/#\\\/schema\\\/person\\\/977e91570ee6006e1c28600f52599c84\"},\"headline\":\"Blog\",\"datePublished\":\"2021-04-08T20:08:55+00:00\",\"dateModified\":\"2025-05-26T10:48:43+00:00\",\"mainEntityOfPage\":{\"@id\":\"https:\\\/\\\/banatskioglasi.rs\\\/wp1\\\/blog\\\/\"},\"wordCount\":48,\"publisher\":{\"@id\":\"https:\\\/\\\/banatskioglasi.rs\\\/wp1\\\/#organization\"},\"inLanguage\":\"sr-RS\"},{\"@type\":\"WebPage\",\"@id\":\"https:\\\/\\\/banatskioglasi.rs\\\/wp1\\\/blog\\\/\",\"url\":\"https:\\\/\\\/banatskioglasi.rs\\\/wp1\\\/blog\\\/\",\"name\":\"Blog - Banatski oglasi\",\"isPartOf\":{\"@id\":\"https:\\\/\\\/banatskioglasi.rs\\\/wp1\\\/#website\"},\"datePublished\":\"2021-04-08T20:08:55+00:00\",\"dateModified\":\"2025-05-26T10:48:43+00:00\",\"description\":\"Kako napraviti oglas koji privla\u010di kupce,Prevaare preko interneta i jo\u0161 mnogo drugih tema pro\u010ditajte na na\u0161em blogu\",\"breadcrumb\":{\"@id\":\"https:\\\/\\\/banatskioglasi.rs\\\/wp1\\\/blog\\\/#breadcrumb\"},\"inLanguage\":\"sr-RS\",\"potentialAction\":[{\"@type\":\"ReadAction\",\"target\":[\"https:\\\/\\\/banatskioglasi.rs\\\/wp1\\\/blog\\\/\"]}]},{\"@type\":\"BreadcrumbList\",\"@id\":\"https:\\\/\\\/banatskioglasi.rs\\\/wp1\\\/blog\\\/#breadcrumb\",\"itemListElement\":[{\"@type\":\"ListItem\",\"position\":1,\"name\":\"Home\",\"item\":\"https:\\\/\\\/banatskioglasi.rs\\\/wp1\\\/\"},{\"@type\":\"ListItem\",\"position\":2,\"name\":\"Blog\"}]},{\"@type\":\"WebSite\",\"@id\":\"https:\\\/\\\/banatskioglasi.rs\\\/wp1\\\/#website\",\"url\":\"https:\\\/\\\/banatskioglasi.rs\\\/wp1\\\/\",\"name\":\"banatskioglasi.rs\",\"description\":\"Kikinda,Zrenjanin,Pan\u010devo,Vr\u0161ac | Mali oglasi\",\"publisher\":{\"@id\":\"https:\\\/\\\/banatskioglasi.rs\\\/wp1\\\/#organization\"},\"potentialAction\":[{\"@type\":\"SearchAction\",\"target\":{\"@type\":\"EntryPoint\",\"urlTemplate\":\"https:\\\/\\\/banatskioglasi.rs\\\/wp1\\\/?s={search_term_string}\"},\"query-input\":{\"@type\":\"PropertyValueSpecification\",\"valueRequired\":true,\"valueName\":\"search_term_string\"}}],\"inLanguage\":\"sr-RS\"},{\"@type\":\"Organization\",\"@id\":\"https:\\\/\\\/banatskioglasi.rs\\\/wp1\\\/#organization\",\"name\":\"Banatski oglasi\",\"url\":\"https:\\\/\\\/banatskioglasi.rs\\\/wp1\\\/\",\"logo\":{\"@type\":\"ImageObject\",\"inLanguage\":\"sr-RS\",\"@id\":\"https:\\\/\\\/banatskioglasi.rs\\\/wp1\\\/#\\\/schema\\\/logo\\\/image\\\/\",\"url\":\"https:\\\/\\\/banatskioglasi.rs\\\/wp1\\\/wp-content\\\/uploads\\\/2018\\\/01\\\/cropped-logo-4.jpg\",\"contentUrl\":\"https:\\\/\\\/banatskioglasi.rs\\\/wp1\\\/wp-content\\\/uploads\\\/2018\\\/01\\\/cropped-logo-4.jpg\",\"width\":512,\"height\":512,\"caption\":\"Banatski oglasi\"},\"image\":{\"@id\":\"https:\\\/\\\/banatskioglasi.rs\\\/wp1\\\/#\\\/schema\\\/logo\\\/image\\\/\"},\"sameAs\":[\"https:\\\/\\\/www.facebook.com\\\/banatski.mali.oglasi\\\/\",\"https:\\\/\\\/x.com\\\/MaliOglasiBanat\",\"https:\\\/\\\/www.youtube.com\\\/watch?v=pKb3jjo32mc\",\"https:\\\/\\\/www.instagram.com\\\/banatskioglasi\\\/\"]},{\"@type\":\"Person\",\"@id\":\"https:\\\/\\\/banatskioglasi.rs\\\/wp1\\\/#\\\/schema\\\/person\\\/977e91570ee6006e1c28600f52599c84\",\"name\":\"Aleksandar1980\",\"image\":{\"@type\":\"ImageObject\",\"inLanguage\":\"sr-RS\",\"@id\":\"https:\\\/\\\/secure.gravatar.com\\\/avatar\\\/4a1cfd4787c29d313b5209af7184a766d95d6c360e30983b3950ee31d8a4ffac?s=96&d=mm&r=g\",\"url\":\"https:\\\/\\\/secure.gravatar.com\\\/avatar\\\/4a1cfd4787c29d313b5209af7184a766d95d6c360e30983b3950ee31d8a4ffac?s=96&d=mm&r=g\",\"contentUrl\":\"https:\\\/\\\/secure.gravatar.com\\\/avatar\\\/4a1cfd4787c29d313b5209af7184a766d95d6c360e30983b3950ee31d8a4ffac?s=96&d=mm&r=g\",\"caption\":\"Aleksandar1980\"},\"url\":\"https:\\\/\\\/banatskioglasi.rs\\\/wp1\\\/blog\\\/author\\\/aleksandar1980\\\/\"}]}<\/script>\n<!-- \/ Yoast SEO plugin. -->","yoast_head_json":{"title":"Blog - Banatski oglasi","description":"Kako napraviti oglas koji privla\u010di kupce,Prevaare preko interneta i jo\u0161 mnogo drugih tema pro\u010ditajte na na\u0161em blogu","robots":{"index":"index","follow":"follow","max-snippet":"max-snippet:-1","max-image-preview":"max-image-preview:large","max-video-preview":"max-video-preview:-1"},"canonical":"https:\/\/banatskioglasi.rs\/wp1\/blog\/","og_locale":"sr_RS","og_type":"article","og_title":"Blog - Banatski oglasi","og_description":"Kako napraviti oglas koji privla\u010di kupce,Prevaare preko interneta i jo\u0161 mnogo drugih tema pro\u010ditajte na na\u0161em blogu","og_url":"https:\/\/banatskioglasi.rs\/wp1\/blog\/","og_site_name":"Banatski oglasi","article_publisher":"https:\/\/www.facebook.com\/banatski.mali.oglasi\/","article_modified_time":"2025-05-26T10:48:43+00:00","og_image":[{"width":960,"height":908,"url":"https:\/\/banatskioglasi.rs\/wp1\/wp-content\/uploads\/2018\/01\/logo.jpg","type":"image\/jpeg"}],"twitter_card":"summary_large_image","twitter_site":"@MaliOglasiBanat","twitter_misc":{"\u041f\u0440\u043e\u0446\u0435\u045a\u0435\u043d\u043e \u0432\u0440\u0435\u043c\u0435 \u0447\u0438\u0442\u0430\u045a\u0430":"1 \u043c\u0438\u043d\u0443\u0442"},"schema":{"@context":"https:\/\/schema.org","@graph":[{"@type":"AdvertiserContentArticle","@id":"https:\/\/banatskioglasi.rs\/wp1\/blog\/#article","isPartOf":{"@id":"https:\/\/banatskioglasi.rs\/wp1\/blog\/"},"author":{"name":"Aleksandar1980","@id":"https:\/\/banatskioglasi.rs\/wp1\/#\/schema\/person\/977e91570ee6006e1c28600f52599c84"},"headline":"Blog","datePublished":"2021-04-08T20:08:55+00:00","dateModified":"2025-05-26T10:48:43+00:00","mainEntityOfPage":{"@id":"https:\/\/banatskioglasi.rs\/wp1\/blog\/"},"wordCount":48,"publisher":{"@id":"https:\/\/banatskioglasi.rs\/wp1\/#organization"},"inLanguage":"sr-RS"},{"@type":"WebPage","@id":"https:\/\/banatskioglasi.rs\/wp1\/blog\/","url":"https:\/\/banatskioglasi.rs\/wp1\/blog\/","name":"Blog - Banatski oglasi","isPartOf":{"@id":"https:\/\/banatskioglasi.rs\/wp1\/#website"},"datePublished":"2021-04-08T20:08:55+00:00","dateModified":"2025-05-26T10:48:43+00:00","description":"Kako napraviti oglas koji privla\u010di kupce,Prevaare preko interneta i jo\u0161 mnogo drugih tema pro\u010ditajte na na\u0161em blogu","breadcrumb":{"@id":"https:\/\/banatskioglasi.rs\/wp1\/blog\/#breadcrumb"},"inLanguage":"sr-RS","potentialAction":[{"@type":"ReadAction","target":["https:\/\/banatskioglasi.rs\/wp1\/blog\/"]}]},{"@type":"BreadcrumbList","@id":"https:\/\/banatskioglasi.rs\/wp1\/blog\/#breadcrumb","itemListElement":[{"@type":"ListItem","position":1,"name":"Home","item":"https:\/\/banatskioglasi.rs\/wp1\/"},{"@type":"ListItem","position":2,"name":"Blog"}]},{"@type":"WebSite","@id":"https:\/\/banatskioglasi.rs\/wp1\/#website","url":"https:\/\/banatskioglasi.rs\/wp1\/","name":"banatskioglasi.rs","description":"Kikinda,Zrenjanin,Pan\u010devo,Vr\u0161ac | Mali oglasi","publisher":{"@id":"https:\/\/banatskioglasi.rs\/wp1\/#organization"},"potentialAction":[{"@type":"SearchAction","target":{"@type":"EntryPoint","urlTemplate":"https:\/\/banatskioglasi.rs\/wp1\/?s={search_term_string}"},"query-input":{"@type":"PropertyValueSpecification","valueRequired":true,"valueName":"search_term_string"}}],"inLanguage":"sr-RS"},{"@type":"Organization","@id":"https:\/\/banatskioglasi.rs\/wp1\/#organization","name":"Banatski oglasi","url":"https:\/\/banatskioglasi.rs\/wp1\/","logo":{"@type":"ImageObject","inLanguage":"sr-RS","@id":"https:\/\/banatskioglasi.rs\/wp1\/#\/schema\/logo\/image\/","url":"https:\/\/banatskioglasi.rs\/wp1\/wp-content\/uploads\/2018\/01\/cropped-logo-4.jpg","contentUrl":"https:\/\/banatskioglasi.rs\/wp1\/wp-content\/uploads\/2018\/01\/cropped-logo-4.jpg","width":512,"height":512,"caption":"Banatski oglasi"},"image":{"@id":"https:\/\/banatskioglasi.rs\/wp1\/#\/schema\/logo\/image\/"},"sameAs":["https:\/\/www.facebook.com\/banatski.mali.oglasi\/","https:\/\/x.com\/MaliOglasiBanat","https:\/\/www.youtube.com\/watch?v=pKb3jjo32mc","https:\/\/www.instagram.com\/banatskioglasi\/"]},{"@type":"Person","@id":"https:\/\/banatskioglasi.rs\/wp1\/#\/schema\/person\/977e91570ee6006e1c28600f52599c84","name":"Aleksandar1980","image":{"@type":"ImageObject","inLanguage":"sr-RS","@id":"https:\/\/secure.gravatar.com\/avatar\/4a1cfd4787c29d313b5209af7184a766d95d6c360e30983b3950ee31d8a4ffac?s=96&d=mm&r=g","url":"https:\/\/secure.gravatar.com\/avatar\/4a1cfd4787c29d313b5209af7184a766d95d6c360e30983b3950ee31d8a4ffac?s=96&d=mm&r=g","contentUrl":"https:\/\/secure.gravatar.com\/avatar\/4a1cfd4787c29d313b5209af7184a766d95d6c360e30983b3950ee31d8a4ffac?s=96&d=mm&r=g","caption":"Aleksandar1980"},"url":"https:\/\/banatskioglasi.rs\/wp1\/blog\/author\/aleksandar1980\/"}]}},"_links":{"self":[{"href":"https:\/\/banatskioglasi.rs\/wp1\/wp-json\/wp\/v2\/pages\/30874","targetHints":{"allow":["GET"]}}],"collection":[{"href":"https:\/\/banatskioglasi.rs\/wp1\/wp-json\/wp\/v2\/pages"}],"about":[{"href":"https:\/\/banatskioglasi.rs\/wp1\/wp-json\/wp\/v2\/types\/page"}],"author":[{"embeddable":true,"href":"https:\/\/banatskioglasi.rs\/wp1\/wp-json\/wp\/v2\/users\/1"}],"replies":[{"embeddable":true,"href":"https:\/\/banatskioglasi.rs\/wp1\/wp-json\/wp\/v2\/comments?post=30874"}],"version-history":[{"count":9,"href":"https:\/\/banatskioglasi.rs\/wp1\/wp-json\/wp\/v2\/pages\/30874\/revisions"}],"predecessor-version":[{"id":120930,"href":"https:\/\/banatskioglasi.rs\/wp1\/wp-json\/wp\/v2\/pages\/30874\/revisions\/120930"}],"wp:attachment":[{"href":"https:\/\/banatskioglasi.rs\/wp1\/wp-json\/wp\/v2\/media?parent=30874"}],"curies":[{"name":"wp","href":"https:\/\/api.w.org\/{rel}","templated":true}]}}